{"id":320,"date":"2020-03-22T23:33:08","date_gmt":"2020-03-22T22:33:08","guid":{"rendered":"http:\/\/silejapon-m-etaitconte.com\/?page_id=320"},"modified":"2025-09-07T11:53:10","modified_gmt":"2025-09-07T09:53:10","slug":"cours-et-ateliers","status":"publish","type":"page","link":"https:\/\/silejapon-m-etaitconte.com\/index.php\/cours-et-ateliers\/","title":{"rendered":"Cours et Ateliers 2025-2026"},"content":{"rendered":"\n<p class=\"has-white-color has-dark-gray-background-color has-text-color has-background\" style=\"font-size:28px;text-transform:uppercase\">Atelier <strong>jeu de go<\/strong><\/p>\n\n\n\n<figure class=\"wp-block-image size-large\"><img loading=\"lazy\" decoding=\"async\" width=\"724\" height=\"1024\" src=\"https:\/\/silejapon-m-etaitconte.com\/wp-content\/uploads\/2025\/09\/jeu-de-go-25-26-724x1024.png\" alt=\"\" class=\"wp-image-2411\" srcset=\"https:\/\/silejapon-m-etaitconte.com\/wp-content\/uploads\/2025\/09\/jeu-de-go-25-26-724x1024.png 724w, https:\/\/silejapon-m-etaitconte.com\/wp-content\/uploads\/2025\/09\/jeu-de-go-25-26-212x300.png 212w, https:\/\/silejapon-m-etaitconte.com\/wp-content\/uploads\/2025\/09\/jeu-de-go-25-26-768x1086.png 768w, https:\/\/silejapon-m-etaitconte.com\/wp-content\/uploads\/2025\/09\/jeu-de-go-25-26-1086x1536.png 1086w, https:\/\/silejapon-m-etaitconte.com\/wp-content\/uploads\/2025\/09\/jeu-de-go-25-26.png 1414w\" sizes=\"auto, (max-width: 724px) 100vw, 724px\" \/><\/figure>\n\n\n\n<p><strong>Atelier de jeu de go<\/strong> :<br>Tous les mercredis de 16h \u00e0 18h pendant les p\u00e9riodes scolaires \u00e0 la salle Pessebre \u00e0 Prades (2 Rue San Juan de Porto Rico, 66500 Prades)<\/p>\n\n\n\n<p>*ateliers accessibles \u00e0 partir de 8 ans<br>*avec Jean, animateur de jeu de go (voir \u00ab\u00a0<a href=\"https:\/\/silejapon-m-etaitconte.com\/index.php\/a-propos\/\">Qui sommes-nous<\/a>?\u00a0\u00bb)<\/p>\n\n\n\n<p class=\"has-light-gray-background-color has-background\">Tarif\u00a0:<br>30 \u20ac par trimestre + frais d\u2019adh\u00e9sion annuelle<br>*frais d\u2019adh\u00e9sion annuelle\u00a0: 10\u20ac par individu (5\u20ac pour les moins de 18 ans) et 20\u20ac par famille<\/p>\n\n\n\n<p class=\"has-white-color has-text-color has-background\" style=\"background-color:#be00a2;font-size:28px;text-transform:uppercase\"><strong>Cours de japonais<\/strong><\/p>\n\n\n\n<figure class=\"wp-block-image size-large\"><img loading=\"lazy\" decoding=\"async\" width=\"724\" height=\"1024\" src=\"https:\/\/silejapon-m-etaitconte.com\/wp-content\/uploads\/2025\/09\/japonais2025-724x1024.png\" alt=\"\" class=\"wp-image-2413\" srcset=\"https:\/\/silejapon-m-etaitconte.com\/wp-content\/uploads\/2025\/09\/japonais2025-724x1024.png 724w, https:\/\/silejapon-m-etaitconte.com\/wp-content\/uploads\/2025\/09\/japonais2025-212x300.png 212w, https:\/\/silejapon-m-etaitconte.com\/wp-content\/uploads\/2025\/09\/japonais2025-768x1086.png 768w, https:\/\/silejapon-m-etaitconte.com\/wp-content\/uploads\/2025\/09\/japonais2025-1086x1536.png 1086w, https:\/\/silejapon-m-etaitconte.com\/wp-content\/uploads\/2025\/09\/japonais2025-1448x2048.png 1448w, https:\/\/silejapon-m-etaitconte.com\/wp-content\/uploads\/2025\/09\/japonais2025.png 1587w\" sizes=\"auto, (max-width: 724px) 100vw, 724px\" \/><\/figure>\n\n\n\n<p>Les cours en groupe se d\u00e9roulent pendant les p\u00e9riodes scolaires \u00e0 la salle Pessebre \u00e0 Prades (2 Rue San Juan de Porto Rico, 66500 Prades)<\/p>\n\n\n\n<p>14h-15h D\u00e9butant<br>15h-16h A partir de faux-d\u00e9butant<\/p>\n\n\n\n<p>*Pour <strong>les cours individuels<\/strong>, renseignements et inscriptions : 06 41 88 40 06 <\/p>\n\n\n\n<p class=\"has-light-gray-background-color has-text-color has-background\" style=\"color:#be00a2\"> <strong>D\u00e9butant<\/strong><br>: apprendre des phrases simples (salutations, se pr\u00e9senter, demande, etc.), apprendre les syst\u00e8mes phon\u00e9tiques et d\u2019\u00e9criture<\/p>\n\n\n\n<p>*une pr\u00e9sentation des travaux \u00e0 la fin de l\u2019ann\u00e9e scolaire<br>*nombre de personnes dans chaque groupe\u00a0: 4-7 personnes<br>*cours accessibles \u00e0 partir de 11 ans<br>*avec Ti\u00e9, professeur native de Japon (voir \u00ab\u00a0<a href=\"https:\/\/silejapon-m-etaitconte.com\/index.php\/a-propos\/\">Qui sommes-nous<\/a>?\u00a0\u00bb)<\/p>\n\n\n\n<p class=\"has-light-gray-background-color has-background\">Tarif&nbsp;:<br>90 \u20ac par trimestre + frais d\u2019adh\u00e9sion annuelle<br>70 \u20ac par trimestre pour les moins de 18 ans + frais d\u2019adh\u00e9sion annuelle<br>*frais d\u2019adh\u00e9sion annuelle&nbsp;: 10\u20ac par individu (5\u20ac pour les moins de 18 ans) et 20\u20ac par famille<br>*20% de r\u00e9duction \u00e0 partir de la deuxi\u00e8me ann\u00e9e<br>* un cours d\u2019essai est gratuit, et par la suite un engagement d\u2019un trimestre ainsi que les frais d\u2019adh\u00e9sion annuelle sont demand\u00e9s.<\/p>\n\n\n\n<p>1<sup>er<\/sup> trimestre&nbsp;: septembre \u2013 d\u00e9cembre<br>2<sup>nd<\/sup> trimestre&nbsp;: janvier \u2013 mars<br>3<sup>\u00e8me<\/sup> trimestre&nbsp;: avril \u2013 juin<\/p>\n\n\n\n<p><\/p>\n\n\n\n<p class=\"has-white-color has-text-color has-background\" style=\"background-color:#009f32;font-size:26px;font-style:normal;font-weight:800;text-transform:uppercase\"><strong>Ateliers de dessins manga<\/strong><\/p>\n\n\n\n<p class=\"has-background\" style=\"background:linear-gradient(135deg,rgb(254,255,204) 0%,rgb(255,251,139) 44%,rgb(255,220,116) 100%)\"><strong>Avec Yugi : 06 43 10 37 12<\/strong><\/p>\n\n\n\n<figure class=\"wp-block-gallery has-nested-images columns-default is-cropped wp-block-gallery-1 is-layout-flex wp-block-gallery-is-layout-flex\">\n<figure class=\"wp-block-image size-large\"><img loading=\"lazy\" decoding=\"async\" width=\"724\" height=\"1024\" data-id=\"2414\" src=\"https:\/\/silejapon-m-etaitconte.com\/wp-content\/uploads\/2025\/09\/ateliers-manga-yugi-2025-2026-version-16h-18h-724x1024.jpg\" alt=\"\" class=\"wp-image-2414\" srcset=\"https:\/\/silejapon-m-etaitconte.com\/wp-content\/uploads\/2025\/09\/ateliers-manga-yugi-2025-2026-version-16h-18h-724x1024.jpg 724w, https:\/\/silejapon-m-etaitconte.com\/wp-content\/uploads\/2025\/09\/ateliers-manga-yugi-2025-2026-version-16h-18h-212x300.jpg 212w, https:\/\/silejapon-m-etaitconte.com\/wp-content\/uploads\/2025\/09\/ateliers-manga-yugi-2025-2026-version-16h-18h-768x1086.jpg 768w, https:\/\/silejapon-m-etaitconte.com\/wp-content\/uploads\/2025\/09\/ateliers-manga-yugi-2025-2026-version-16h-18h-1086x1536.jpg 1086w, https:\/\/silejapon-m-etaitconte.com\/wp-content\/uploads\/2025\/09\/ateliers-manga-yugi-2025-2026-version-16h-18h-1448x2048.jpg 1448w, https:\/\/silejapon-m-etaitconte.com\/wp-content\/uploads\/2025\/09\/ateliers-manga-yugi-2025-2026-version-16h-18h.jpg 1587w\" sizes=\"auto, (max-width: 724px) 100vw, 724px\" \/><\/figure>\n\n\n\n<figure class=\"wp-block-image size-large\"><img loading=\"lazy\" decoding=\"async\" width=\"724\" height=\"1024\" data-id=\"2415\" src=\"https:\/\/silejapon-m-etaitconte.com\/wp-content\/uploads\/2025\/09\/Yugi-pessebre-toussaint-2025-avec-logo-Prades-724x1024.jpg\" alt=\"\" class=\"wp-image-2415\" srcset=\"https:\/\/silejapon-m-etaitconte.com\/wp-content\/uploads\/2025\/09\/Yugi-pessebre-toussaint-2025-avec-logo-Prades-724x1024.jpg 724w, https:\/\/silejapon-m-etaitconte.com\/wp-content\/uploads\/2025\/09\/Yugi-pessebre-toussaint-2025-avec-logo-Prades-212x300.jpg 212w, https:\/\/silejapon-m-etaitconte.com\/wp-content\/uploads\/2025\/09\/Yugi-pessebre-toussaint-2025-avec-logo-Prades-768x1086.jpg 768w, https:\/\/silejapon-m-etaitconte.com\/wp-content\/uploads\/2025\/09\/Yugi-pessebre-toussaint-2025-avec-logo-Prades-1086x1536.jpg 1086w, https:\/\/silejapon-m-etaitconte.com\/wp-content\/uploads\/2025\/09\/Yugi-pessebre-toussaint-2025-avec-logo-Prades-1448x2048.jpg 1448w, https:\/\/silejapon-m-etaitconte.com\/wp-content\/uploads\/2025\/09\/Yugi-pessebre-toussaint-2025-avec-logo-Prades.jpg 1587w\" sizes=\"auto, (max-width: 724px) 100vw, 724px\" \/><\/figure>\n<\/figure>\n\n\n\n<ul class=\"wp-block-list\">\n<li>Ateliers manga mensuels (tous les premiers mercredis d&rsquo;octobre \u00e0 mai), 16h-18h<\/li>\n\n\n\n<li>Ateliers manga ponctuels pendant les vacances scolaires, 14h-16h<\/li>\n<\/ul>\n\n\n\n<p class=\"has-background\" style=\"background:linear-gradient(135deg,rgb(204,255,248) 0%,rgb(182,227,212) 50%,rgb(51,167,181) 100%)\"><strong>Avec Samuel : 06 84 44 60 24<\/strong> \/<strong> samsagasu@gmail.com<\/strong><\/p>\n\n\n\n<figure class=\"wp-block-gallery has-nested-images columns-default is-cropped wp-block-gallery-2 is-layout-flex wp-block-gallery-is-layout-flex\">\n<figure class=\"wp-block-image size-large\"><img loading=\"lazy\" decoding=\"async\" width=\"794\" height=\"737\" data-id=\"1946\" src=\"https:\/\/silejapon-m-etaitconte.com\/wp-content\/uploads\/2024\/09\/poke.jpg\" alt=\"\" class=\"wp-image-1946\" srcset=\"https:\/\/silejapon-m-etaitconte.com\/wp-content\/uploads\/2024\/09\/poke.jpg 794w, https:\/\/silejapon-m-etaitconte.com\/wp-content\/uploads\/2024\/09\/poke-300x278.jpg 300w, https:\/\/silejapon-m-etaitconte.com\/wp-content\/uploads\/2024\/09\/poke-768x713.jpg 768w\" sizes=\"auto, (max-width: 794px) 100vw, 794px\" \/><\/figure>\n\n\n\n<figure class=\"wp-block-image size-large\"><img loading=\"lazy\" decoding=\"async\" width=\"1024\" height=\"1009\" data-id=\"1945\" src=\"https:\/\/silejapon-m-etaitconte.com\/wp-content\/uploads\/2024\/09\/manga_sam-1024x1009.jpg\" alt=\"\" class=\"wp-image-1945\" srcset=\"https:\/\/silejapon-m-etaitconte.com\/wp-content\/uploads\/2024\/09\/manga_sam-1024x1009.jpg 1024w, https:\/\/silejapon-m-etaitconte.com\/wp-content\/uploads\/2024\/09\/manga_sam-300x295.jpg 300w, https:\/\/silejapon-m-etaitconte.com\/wp-content\/uploads\/2024\/09\/manga_sam-768x756.jpg 768w, https:\/\/silejapon-m-etaitconte.com\/wp-content\/uploads\/2024\/09\/manga_sam-1536x1513.jpg 1536w, https:\/\/silejapon-m-etaitconte.com\/wp-content\/uploads\/2024\/09\/manga_sam.jpg 1587w\" sizes=\"auto, (max-width: 1024px) 100vw, 1024px\" \/><\/figure>\n<\/figure>\n\n\n\n<ul class=\"wp-block-list\">\n<li>Ateliers dessin de Pok\u00e9mon et de manga ponctuels pendant les vacances scolaires, les dates sont \u00e0 venir&#8230;<\/li>\n<\/ul>\n\n\n\n<p><\/p>\n","protected":false},"excerpt":{"rendered":"<p>Atelier jeu de go Atelier de jeu de go :Tous les mercredis de 16h \u00e0 18h pendant les p\u00e9riodes scolaires \u00e0 la salle Pessebre \u00e0 Prades (2 Rue San Juan de Porto Rico, 66500 Prades) *ateliers accessibles \u00e0 partir de 8 ans*avec Jean, animateur de jeu de go (voir \u00ab\u00a0Qui sommes-nous?\u00a0\u00bb) Tarif\u00a0:30 \u20ac par trimestre + frais d\u2019adh\u00e9sion annuelle*frais d\u2019adh\u00e9sion annuelle\u00a0: 10\u20ac par individu (5\u20ac pour les moins de 18 ans) et 20\u20ac par famille Cours de japonais Les cours en groupe se d\u00e9roulent pendant les p\u00e9riodes scolaires \u00e0 la salle Pessebre \u00e0 Prades (2 Rue San Juan de Porto<\/p>\n","protected":false},"author":1,"featured_media":0,"parent":0,"menu_order":0,"comment_status":"closed","ping_status":"closed","template":"","meta":{"footnotes":""},"class_list":["post-320","page","type-page","status-publish","hentry","comments-off"],"yoast_head":"<!-- This site is optimized with the Yoast SEO plugin v21.0 - https:\/\/yoast.com\/wordpress\/plugins\/seo\/ -->\n<title>Cours et Ateliers 2025-2026 - Si le Japon m&#039;\u00e9tait cont\u00e9<\/title>\n<meta name=\"robots\" content=\"index, follow, max-snippet:-1, max-image-preview:large, max-video-preview:-1\" \/>\n<link rel=\"canonical\" href=\"https:\/\/silejapon-m-etaitconte.com\/index.php\/cours-et-ateliers\/\" \/>\n<meta property=\"og:locale\" content=\"fr_FR\" \/>\n<meta property=\"og:type\" content=\"article\" \/>\n<meta property=\"og:title\" content=\"Cours et Ateliers 2025-2026\" \/>\n<meta property=\"og:description\" content=\"Cours et Ateliers 2025-2026\" \/>\n<meta property=\"og:url\" content=\"https:\/\/silejapon-m-etaitconte.com\/index.php\/cours-et-ateliers\/\" \/>\n<meta property=\"og:site_name\" content=\"Si le Japon m&#039;\u00e9tait cont\u00e9\" \/>\n<meta property=\"article:publisher\" content=\"https:\/\/www.facebook.com\/people\/Si-le-Japon-mtait-cont\/100081623407869\/\" \/>\n<meta property=\"article:modified_time\" content=\"2025-09-07T09:53:10+00:00\" \/>\n<meta property=\"og:image\" content=\"https:\/\/silejapon-m-etaitconte.com\/wp-content\/uploads\/2023\/09\/aiueo.png\" \/>\n\t<meta property=\"og:image:width\" content=\"500\" \/>\n\t<meta property=\"og:image:height\" content=\"500\" \/>\n\t<meta property=\"og:image:type\" content=\"image\/png\" \/>\n<meta name=\"twitter:card\" content=\"summary_large_image\" \/>\n<meta name=\"twitter:label1\" content=\"Dur\u00e9e de lecture estim\u00e9e\" \/>\n\t<meta name=\"twitter:data1\" content=\"3 minutes\" \/>\n<script type=\"application\/ld+json\" class=\"yoast-schema-graph\">{\"@context\":\"https:\/\/schema.org\",\"@graph\":[{\"@type\":\"WebPage\",\"@id\":\"https:\/\/silejapon-m-etaitconte.com\/index.php\/cours-et-ateliers\/\",\"url\":\"https:\/\/silejapon-m-etaitconte.com\/index.php\/cours-et-ateliers\/\",\"name\":\"Cours et Ateliers 2025-2026 - Si le Japon m&#039;\u00e9tait cont\u00e9\",\"isPartOf\":{\"@id\":\"https:\/\/silejapon-m-etaitconte.com\/#website\"},\"datePublished\":\"2020-03-22T22:33:08+00:00\",\"dateModified\":\"2025-09-07T09:53:10+00:00\",\"breadcrumb\":{\"@id\":\"https:\/\/silejapon-m-etaitconte.com\/index.php\/cours-et-ateliers\/#breadcrumb\"},\"inLanguage\":\"fr-FR\",\"potentialAction\":[{\"@type\":\"ReadAction\",\"target\":[\"https:\/\/silejapon-m-etaitconte.com\/index.php\/cours-et-ateliers\/\"]}]},{\"@type\":\"BreadcrumbList\",\"@id\":\"https:\/\/silejapon-m-etaitconte.com\/index.php\/cours-et-ateliers\/#breadcrumb\",\"itemListElement\":[{\"@type\":\"ListItem\",\"position\":1,\"name\":\"Accueil\",\"item\":\"https:\/\/silejapon-m-etaitconte.com\/\"},{\"@type\":\"ListItem\",\"position\":2,\"name\":\"Cours et Ateliers 2025-2026\"}]},{\"@type\":\"WebSite\",\"@id\":\"https:\/\/silejapon-m-etaitconte.com\/#website\",\"url\":\"https:\/\/silejapon-m-etaitconte.com\/\",\"name\":\"Si le Japon m'\u00e9tait cont\u00e9\",\"description\":\"Une passerelle entre la France et le Japon\",\"publisher\":{\"@id\":\"https:\/\/silejapon-m-etaitconte.com\/#organization\"},\"potentialAction\":[{\"@type\":\"SearchAction\",\"target\":{\"@type\":\"EntryPoint\",\"urlTemplate\":\"https:\/\/silejapon-m-etaitconte.com\/?s={search_term_string}\"},\"query-input\":\"required name=search_term_string\"}],\"inLanguage\":\"fr-FR\"},{\"@type\":\"Organization\",\"@id\":\"https:\/\/silejapon-m-etaitconte.com\/#organization\",\"name\":\"Si le Japon m'\u00e9tait cont\u00e9\",\"url\":\"https:\/\/silejapon-m-etaitconte.com\/\",\"logo\":{\"@type\":\"ImageObject\",\"inLanguage\":\"fr-FR\",\"@id\":\"https:\/\/silejapon-m-etaitconte.com\/#\/schema\/logo\/image\/\",\"url\":\"https:\/\/silejapon-m-etaitconte.com\/wp-content\/uploads\/2022\/02\/logo_long.jpg\",\"contentUrl\":\"https:\/\/silejapon-m-etaitconte.com\/wp-content\/uploads\/2022\/02\/logo_long.jpg\",\"width\":2444,\"height\":390,\"caption\":\"Si le Japon m'\u00e9tait cont\u00e9\"},\"image\":{\"@id\":\"https:\/\/silejapon-m-etaitconte.com\/#\/schema\/logo\/image\/\"},\"sameAs\":[\"https:\/\/www.facebook.com\/people\/Si-le-Japon-mtait-cont\/100081623407869\/\"]}]}<\/script>\n<!-- \/ Yoast SEO plugin. -->","yoast_head_json":{"title":"Cours et Ateliers 2025-2026 - Si le Japon m&#039;\u00e9tait cont\u00e9","robots":{"index":"index","follow":"follow","max-snippet":"max-snippet:-1","max-image-preview":"max-image-preview:large","max-video-preview":"max-video-preview:-1"},"canonical":"https:\/\/silejapon-m-etaitconte.com\/index.php\/cours-et-ateliers\/","og_locale":"fr_FR","og_type":"article","og_title":"Cours et Ateliers 2025-2026","og_description":"Cours et Ateliers 2025-2026","og_url":"https:\/\/silejapon-m-etaitconte.com\/index.php\/cours-et-ateliers\/","og_site_name":"Si le Japon m&#039;\u00e9tait cont\u00e9","article_publisher":"https:\/\/www.facebook.com\/people\/Si-le-Japon-mtait-cont\/100081623407869\/","article_modified_time":"2025-09-07T09:53:10+00:00","og_image":[{"width":500,"height":500,"url":"https:\/\/silejapon-m-etaitconte.com\/wp-content\/uploads\/2023\/09\/aiueo.png","type":"image\/png"}],"twitter_card":"summary_large_image","twitter_misc":{"Dur\u00e9e de lecture estim\u00e9e":"3 minutes"},"schema":{"@context":"https:\/\/schema.org","@graph":[{"@type":"WebPage","@id":"https:\/\/silejapon-m-etaitconte.com\/index.php\/cours-et-ateliers\/","url":"https:\/\/silejapon-m-etaitconte.com\/index.php\/cours-et-ateliers\/","name":"Cours et Ateliers 2025-2026 - Si le Japon m&#039;\u00e9tait cont\u00e9","isPartOf":{"@id":"https:\/\/silejapon-m-etaitconte.com\/#website"},"datePublished":"2020-03-22T22:33:08+00:00","dateModified":"2025-09-07T09:53:10+00:00","breadcrumb":{"@id":"https:\/\/silejapon-m-etaitconte.com\/index.php\/cours-et-ateliers\/#breadcrumb"},"inLanguage":"fr-FR","potentialAction":[{"@type":"ReadAction","target":["https:\/\/silejapon-m-etaitconte.com\/index.php\/cours-et-ateliers\/"]}]},{"@type":"BreadcrumbList","@id":"https:\/\/silejapon-m-etaitconte.com\/index.php\/cours-et-ateliers\/#breadcrumb","itemListElement":[{"@type":"ListItem","position":1,"name":"Accueil","item":"https:\/\/silejapon-m-etaitconte.com\/"},{"@type":"ListItem","position":2,"name":"Cours et Ateliers 2025-2026"}]},{"@type":"WebSite","@id":"https:\/\/silejapon-m-etaitconte.com\/#website","url":"https:\/\/silejapon-m-etaitconte.com\/","name":"Si le Japon m'\u00e9tait cont\u00e9","description":"Une passerelle entre la France et le Japon","publisher":{"@id":"https:\/\/silejapon-m-etaitconte.com\/#organization"},"potentialAction":[{"@type":"SearchAction","target":{"@type":"EntryPoint","urlTemplate":"https:\/\/silejapon-m-etaitconte.com\/?s={search_term_string}"},"query-input":"required name=search_term_string"}],"inLanguage":"fr-FR"},{"@type":"Organization","@id":"https:\/\/silejapon-m-etaitconte.com\/#organization","name":"Si le Japon m'\u00e9tait cont\u00e9","url":"https:\/\/silejapon-m-etaitconte.com\/","logo":{"@type":"ImageObject","inLanguage":"fr-FR","@id":"https:\/\/silejapon-m-etaitconte.com\/#\/schema\/logo\/image\/","url":"https:\/\/silejapon-m-etaitconte.com\/wp-content\/uploads\/2022\/02\/logo_long.jpg","contentUrl":"https:\/\/silejapon-m-etaitconte.com\/wp-content\/uploads\/2022\/02\/logo_long.jpg","width":2444,"height":390,"caption":"Si le Japon m'\u00e9tait cont\u00e9"},"image":{"@id":"https:\/\/silejapon-m-etaitconte.com\/#\/schema\/logo\/image\/"},"sameAs":["https:\/\/www.facebook.com\/people\/Si-le-Japon-mtait-cont\/100081623407869\/"]}]}},"_links":{"self":[{"href":"https:\/\/silejapon-m-etaitconte.com\/index.php\/wp-json\/wp\/v2\/pages\/320","targetHints":{"allow":["GET"]}}],"collection":[{"href":"https:\/\/silejapon-m-etaitconte.com\/index.php\/wp-json\/wp\/v2\/pages"}],"about":[{"href":"https:\/\/silejapon-m-etaitconte.com\/index.php\/wp-json\/wp\/v2\/types\/page"}],"author":[{"embeddable":true,"href":"https:\/\/silejapon-m-etaitconte.com\/index.php\/wp-json\/wp\/v2\/users\/1"}],"replies":[{"embeddable":true,"href":"https:\/\/silejapon-m-etaitconte.com\/index.php\/wp-json\/wp\/v2\/comments?post=320"}],"version-history":[{"count":36,"href":"https:\/\/silejapon-m-etaitconte.com\/index.php\/wp-json\/wp\/v2\/pages\/320\/revisions"}],"predecessor-version":[{"id":2418,"href":"https:\/\/silejapon-m-etaitconte.com\/index.php\/wp-json\/wp\/v2\/pages\/320\/revisions\/2418"}],"wp:attachment":[{"href":"https:\/\/silejapon-m-etaitconte.com\/index.php\/wp-json\/wp\/v2\/media?parent=320"}],"curies":[{"name":"wp","href":"https:\/\/api.w.org\/{rel}","templated":true}]}}