{"id":1489,"date":"2023-06-11T22:31:27","date_gmt":"2023-06-11T20:31:27","guid":{"rendered":"https:\/\/silejapon-m-etaitconte.com\/?page_id=1489"},"modified":"2023-06-11T22:31:27","modified_gmt":"2023-06-11T20:31:27","slug":"dessins-des-participants-2023-7-13-ans","status":"publish","type":"page","link":"https:\/\/silejapon-m-etaitconte.com\/index.php\/resultat-du-concours-de-dessin-manga-2023\/dessins-des-participants-2023-7-13-ans\/","title":{"rendered":"Dessins des participants 2023 &#8211; 7-13 ans"},"content":{"rendered":"\n<p>Voici les meilleurs dessins de ceux qui ont particip\u00e9 mais qui n&rsquo;ont pas eu de prix.<\/p>\n\n\n\n<p>Pour voir les dessins des vainqueurs <a href=\"https:\/\/silejapon-m-etaitconte.com\/index.php\/resultat-du-concours-de-dessin-manga-2023\/\">suivez le lien.<\/a><\/p>\n\n\n\n<p>Et pour les dessins des participants de la cat\u00e9gorie 14 an et plus, <a href=\"https:\/\/silejapon-m-etaitconte.com\/index.php\/resultat-du-concours-de-dessin-manga-2023\/dessins-des-participants-2023-14-ans-et-plus\/\">c&rsquo;est par ici<\/a>.<\/p>\n\n\n\n<p class=\"has-background\" style=\"background:linear-gradient(135deg,rgb(255,245,203) 0%,rgb(182,227,212) 100%,rgb(51,167,181) 100%)\">Cat\u00e9gorie 7-13 ans  &#8211; finalistes<\/p>\n\n\n\n<figure class=\"wp-block-gallery has-nested-images columns-2 is-cropped wp-block-gallery-1 is-layout-flex wp-block-gallery-is-layout-flex\">\n<figure class=\"wp-block-image size-large\"><img loading=\"lazy\" decoding=\"async\" width=\"730\" height=\"1024\" data-id=\"1499\" src=\"https:\/\/silejapon-m-etaitconte.com\/wp-content\/uploads\/2023\/06\/dessins-concours-2023_0043-730x1024.jpg\" alt=\"\" class=\"wp-image-1499\" srcset=\"https:\/\/silejapon-m-etaitconte.com\/wp-content\/uploads\/2023\/06\/dessins-concours-2023_0043-730x1024.jpg 730w, https:\/\/silejapon-m-etaitconte.com\/wp-content\/uploads\/2023\/06\/dessins-concours-2023_0043-214x300.jpg 214w, https:\/\/silejapon-m-etaitconte.com\/wp-content\/uploads\/2023\/06\/dessins-concours-2023_0043-768x1077.jpg 768w, https:\/\/silejapon-m-etaitconte.com\/wp-content\/uploads\/2023\/06\/dessins-concours-2023_0043.jpg 800w\" sizes=\"auto, (max-width: 730px) 100vw, 730px\" \/><figcaption class=\"wp-element-caption\">Aurore GAUDILLERE (13 ans)<\/figcaption><\/figure>\n\n\n\n<figure class=\"wp-block-image size-large\"><img loading=\"lazy\" decoding=\"async\" width=\"761\" height=\"1024\" data-id=\"1491\" src=\"https:\/\/silejapon-m-etaitconte.com\/wp-content\/uploads\/2023\/06\/dessins-concours-2023_0044-761x1024.jpg\" alt=\"\" class=\"wp-image-1491\" srcset=\"https:\/\/silejapon-m-etaitconte.com\/wp-content\/uploads\/2023\/06\/dessins-concours-2023_0044-761x1024.jpg 761w, https:\/\/silejapon-m-etaitconte.com\/wp-content\/uploads\/2023\/06\/dessins-concours-2023_0044-223x300.jpg 223w, https:\/\/silejapon-m-etaitconte.com\/wp-content\/uploads\/2023\/06\/dessins-concours-2023_0044-768x1034.jpg 768w, https:\/\/silejapon-m-etaitconte.com\/wp-content\/uploads\/2023\/06\/dessins-concours-2023_0044.jpg 800w\" sizes=\"auto, (max-width: 761px) 100vw, 761px\" \/><figcaption class=\"wp-element-caption\">Robin BOXERO (12 ans)<\/figcaption><\/figure>\n\n\n\n<figure class=\"wp-block-image size-large\"><img loading=\"lazy\" decoding=\"async\" width=\"727\" height=\"1024\" data-id=\"1504\" src=\"https:\/\/silejapon-m-etaitconte.com\/wp-content\/uploads\/2023\/06\/dessins-concours-2023_0045-727x1024.jpg\" alt=\"\" class=\"wp-image-1504\" srcset=\"https:\/\/silejapon-m-etaitconte.com\/wp-content\/uploads\/2023\/06\/dessins-concours-2023_0045-727x1024.jpg 727w, https:\/\/silejapon-m-etaitconte.com\/wp-content\/uploads\/2023\/06\/dessins-concours-2023_0045-213x300.jpg 213w, https:\/\/silejapon-m-etaitconte.com\/wp-content\/uploads\/2023\/06\/dessins-concours-2023_0045-768x1082.jpg 768w, https:\/\/silejapon-m-etaitconte.com\/wp-content\/uploads\/2023\/06\/dessins-concours-2023_0045.jpg 800w\" sizes=\"auto, (max-width: 727px) 100vw, 727px\" \/><figcaption class=\"wp-element-caption\">Sacha DEBOVE BIZ (13 ans)<\/figcaption><\/figure>\n\n\n\n<figure class=\"wp-block-image size-large\"><img loading=\"lazy\" decoding=\"async\" width=\"729\" height=\"1024\" data-id=\"1492\" src=\"https:\/\/silejapon-m-etaitconte.com\/wp-content\/uploads\/2023\/06\/dessins-concours-2023_0047-729x1024.jpg\" alt=\"\" class=\"wp-image-1492\" srcset=\"https:\/\/silejapon-m-etaitconte.com\/wp-content\/uploads\/2023\/06\/dessins-concours-2023_0047-729x1024.jpg 729w, https:\/\/silejapon-m-etaitconte.com\/wp-content\/uploads\/2023\/06\/dessins-concours-2023_0047-214x300.jpg 214w, https:\/\/silejapon-m-etaitconte.com\/wp-content\/uploads\/2023\/06\/dessins-concours-2023_0047-768x1079.jpg 768w, https:\/\/silejapon-m-etaitconte.com\/wp-content\/uploads\/2023\/06\/dessins-concours-2023_0047.jpg 800w\" sizes=\"auto, (max-width: 729px) 100vw, 729px\" \/><figcaption class=\"wp-element-caption\">Jack NEWMAN (13 ans)<\/figcaption><\/figure>\n\n\n\n<figure class=\"wp-block-image size-large\"><img loading=\"lazy\" decoding=\"async\" width=\"746\" height=\"1024\" data-id=\"1501\" src=\"https:\/\/silejapon-m-etaitconte.com\/wp-content\/uploads\/2023\/06\/dessins-concours-2023_0048-746x1024.jpg\" alt=\"\" class=\"wp-image-1501\" srcset=\"https:\/\/silejapon-m-etaitconte.com\/wp-content\/uploads\/2023\/06\/dessins-concours-2023_0048-746x1024.jpg 746w, https:\/\/silejapon-m-etaitconte.com\/wp-content\/uploads\/2023\/06\/dessins-concours-2023_0048-219x300.jpg 219w, https:\/\/silejapon-m-etaitconte.com\/wp-content\/uploads\/2023\/06\/dessins-concours-2023_0048-768x1054.jpg 768w, https:\/\/silejapon-m-etaitconte.com\/wp-content\/uploads\/2023\/06\/dessins-concours-2023_0048.jpg 800w\" sizes=\"auto, (max-width: 746px) 100vw, 746px\" \/><figcaption class=\"wp-element-caption\">Paolo FONS-BUFORN (13 ans)<\/figcaption><\/figure>\n\n\n\n<figure class=\"wp-block-image size-large\"><img loading=\"lazy\" decoding=\"async\" width=\"726\" height=\"1024\" data-id=\"1502\" src=\"https:\/\/silejapon-m-etaitconte.com\/wp-content\/uploads\/2023\/06\/dessins-concours-2023_0049-726x1024.jpg\" alt=\"\" class=\"wp-image-1502\" srcset=\"https:\/\/silejapon-m-etaitconte.com\/wp-content\/uploads\/2023\/06\/dessins-concours-2023_0049-726x1024.jpg 726w, https:\/\/silejapon-m-etaitconte.com\/wp-content\/uploads\/2023\/06\/dessins-concours-2023_0049-213x300.jpg 213w, https:\/\/silejapon-m-etaitconte.com\/wp-content\/uploads\/2023\/06\/dessins-concours-2023_0049-768x1084.jpg 768w, https:\/\/silejapon-m-etaitconte.com\/wp-content\/uploads\/2023\/06\/dessins-concours-2023_0049.jpg 800w\" sizes=\"auto, (max-width: 726px) 100vw, 726px\" \/><figcaption class=\"wp-element-caption\">Nathan LELIARD (12 ans)<\/figcaption><\/figure>\n<\/figure>\n\n\n\n<p class=\"has-background\" style=\"background:linear-gradient(135deg,rgb(255,245,203) 0%,rgb(182,227,212) 100%,rgb(51,167,181) 100%)\">Cat\u00e9gorie 7-13 ans  &#8211; autres meilleurs dessins<\/p>\n\n\n\n<figure class=\"wp-block-gallery has-nested-images columns-2 is-cropped wp-block-gallery-2 is-layout-flex wp-block-gallery-is-layout-flex\">\n<figure class=\"wp-block-image size-large\"><img loading=\"lazy\" decoding=\"async\" width=\"730\" height=\"1024\" data-id=\"1493\" src=\"https:\/\/silejapon-m-etaitconte.com\/wp-content\/uploads\/2023\/06\/dessins-concours-2023_0050-730x1024.jpg\" alt=\"\" class=\"wp-image-1493\" srcset=\"https:\/\/silejapon-m-etaitconte.com\/wp-content\/uploads\/2023\/06\/dessins-concours-2023_0050-730x1024.jpg 730w, https:\/\/silejapon-m-etaitconte.com\/wp-content\/uploads\/2023\/06\/dessins-concours-2023_0050-214x300.jpg 214w, https:\/\/silejapon-m-etaitconte.com\/wp-content\/uploads\/2023\/06\/dessins-concours-2023_0050-768x1077.jpg 768w, https:\/\/silejapon-m-etaitconte.com\/wp-content\/uploads\/2023\/06\/dessins-concours-2023_0050.jpg 800w\" sizes=\"auto, (max-width: 730px) 100vw, 730px\" \/><figcaption class=\"wp-element-caption\">Hortense DUFRASNE-DELALANDRE (11 ans)<\/figcaption><\/figure>\n\n\n\n<figure class=\"wp-block-image size-large\"><img loading=\"lazy\" decoding=\"async\" width=\"724\" height=\"1024\" data-id=\"1498\" src=\"https:\/\/silejapon-m-etaitconte.com\/wp-content\/uploads\/2023\/06\/dessins-concours-2023_0052-724x1024.jpg\" alt=\"\" class=\"wp-image-1498\" srcset=\"https:\/\/silejapon-m-etaitconte.com\/wp-content\/uploads\/2023\/06\/dessins-concours-2023_0052-724x1024.jpg 724w, https:\/\/silejapon-m-etaitconte.com\/wp-content\/uploads\/2023\/06\/dessins-concours-2023_0052-212x300.jpg 212w, https:\/\/silejapon-m-etaitconte.com\/wp-content\/uploads\/2023\/06\/dessins-concours-2023_0052-768x1086.jpg 768w, https:\/\/silejapon-m-etaitconte.com\/wp-content\/uploads\/2023\/06\/dessins-concours-2023_0052.jpg 800w\" sizes=\"auto, (max-width: 724px) 100vw, 724px\" \/><figcaption class=\"wp-element-caption\">Yanis BARO (10 ans)<\/figcaption><\/figure>\n\n\n\n<figure class=\"wp-block-image size-large\"><img loading=\"lazy\" decoding=\"async\" width=\"717\" height=\"1024\" data-id=\"1497\" src=\"https:\/\/silejapon-m-etaitconte.com\/wp-content\/uploads\/2023\/06\/dessins-concours-2023_0053-717x1024.jpg\" alt=\"\" class=\"wp-image-1497\" srcset=\"https:\/\/silejapon-m-etaitconte.com\/wp-content\/uploads\/2023\/06\/dessins-concours-2023_0053-717x1024.jpg 717w, https:\/\/silejapon-m-etaitconte.com\/wp-content\/uploads\/2023\/06\/dessins-concours-2023_0053-210x300.jpg 210w, https:\/\/silejapon-m-etaitconte.com\/wp-content\/uploads\/2023\/06\/dessins-concours-2023_0053-768x1097.jpg 768w, https:\/\/silejapon-m-etaitconte.com\/wp-content\/uploads\/2023\/06\/dessins-concours-2023_0053.jpg 800w\" sizes=\"auto, (max-width: 717px) 100vw, 717px\" \/><figcaption class=\"wp-element-caption\">Cl\u00e9ment DESBOEUFS (12 ans)<\/figcaption><\/figure>\n\n\n\n<figure class=\"wp-block-image size-large\"><img loading=\"lazy\" decoding=\"async\" width=\"720\" height=\"1024\" data-id=\"1496\" src=\"https:\/\/silejapon-m-etaitconte.com\/wp-content\/uploads\/2023\/06\/dessins-concours-2023_0054-720x1024.jpg\" alt=\"\" class=\"wp-image-1496\" srcset=\"https:\/\/silejapon-m-etaitconte.com\/wp-content\/uploads\/2023\/06\/dessins-concours-2023_0054-720x1024.jpg 720w, https:\/\/silejapon-m-etaitconte.com\/wp-content\/uploads\/2023\/06\/dessins-concours-2023_0054-211x300.jpg 211w, https:\/\/silejapon-m-etaitconte.com\/wp-content\/uploads\/2023\/06\/dessins-concours-2023_0054-768x1092.jpg 768w, https:\/\/silejapon-m-etaitconte.com\/wp-content\/uploads\/2023\/06\/dessins-concours-2023_0054.jpg 800w\" sizes=\"auto, (max-width: 720px) 100vw, 720px\" \/><figcaption class=\"wp-element-caption\">Lina Marie MALAUSSENA-BARO (10 ans)<\/figcaption><\/figure>\n\n\n\n<figure class=\"wp-block-image size-large\"><img loading=\"lazy\" decoding=\"async\" width=\"726\" height=\"1024\" data-id=\"1503\" src=\"https:\/\/silejapon-m-etaitconte.com\/wp-content\/uploads\/2023\/06\/dessins-concours-2023_0055-726x1024.jpg\" alt=\"\" class=\"wp-image-1503\" srcset=\"https:\/\/silejapon-m-etaitconte.com\/wp-content\/uploads\/2023\/06\/dessins-concours-2023_0055-726x1024.jpg 726w, https:\/\/silejapon-m-etaitconte.com\/wp-content\/uploads\/2023\/06\/dessins-concours-2023_0055-213x300.jpg 213w, https:\/\/silejapon-m-etaitconte.com\/wp-content\/uploads\/2023\/06\/dessins-concours-2023_0055-768x1083.jpg 768w, https:\/\/silejapon-m-etaitconte.com\/wp-content\/uploads\/2023\/06\/dessins-concours-2023_0055.jpg 800w\" sizes=\"auto, (max-width: 726px) 100vw, 726px\" \/><figcaption class=\"wp-element-caption\">Deborah GRANDE (11 ans)<\/figcaption><\/figure>\n\n\n\n<figure class=\"wp-block-image size-large\"><img loading=\"lazy\" decoding=\"async\" width=\"726\" height=\"1024\" data-id=\"1494\" src=\"https:\/\/silejapon-m-etaitconte.com\/wp-content\/uploads\/2023\/06\/dessins-concours-2023_0056-726x1024.jpg\" alt=\"\" class=\"wp-image-1494\" srcset=\"https:\/\/silejapon-m-etaitconte.com\/wp-content\/uploads\/2023\/06\/dessins-concours-2023_0056-726x1024.jpg 726w, https:\/\/silejapon-m-etaitconte.com\/wp-content\/uploads\/2023\/06\/dessins-concours-2023_0056-213x300.jpg 213w, https:\/\/silejapon-m-etaitconte.com\/wp-content\/uploads\/2023\/06\/dessins-concours-2023_0056-768x1084.jpg 768w, https:\/\/silejapon-m-etaitconte.com\/wp-content\/uploads\/2023\/06\/dessins-concours-2023_0056.jpg 800w\" sizes=\"auto, (max-width: 726px) 100vw, 726px\" \/><figcaption class=\"wp-element-caption\">Nrsinha ARANGO (10 ans)<\/figcaption><\/figure>\n\n\n\n<figure class=\"wp-block-image size-large\"><img loading=\"lazy\" decoding=\"async\" width=\"726\" height=\"1024\" data-id=\"1495\" src=\"https:\/\/silejapon-m-etaitconte.com\/wp-content\/uploads\/2023\/06\/dessins-concours-2023_0057-726x1024.jpg\" alt=\"\" class=\"wp-image-1495\" srcset=\"https:\/\/silejapon-m-etaitconte.com\/wp-content\/uploads\/2023\/06\/dessins-concours-2023_0057-726x1024.jpg 726w, https:\/\/silejapon-m-etaitconte.com\/wp-content\/uploads\/2023\/06\/dessins-concours-2023_0057-213x300.jpg 213w, https:\/\/silejapon-m-etaitconte.com\/wp-content\/uploads\/2023\/06\/dessins-concours-2023_0057-768x1083.jpg 768w, https:\/\/silejapon-m-etaitconte.com\/wp-content\/uploads\/2023\/06\/dessins-concours-2023_0057.jpg 800w\" sizes=\"auto, (max-width: 726px) 100vw, 726px\" \/><figcaption class=\"wp-element-caption\">Ana\u00eblle HENEHENE (13 ans)<\/figcaption><\/figure>\n\n\n\n<figure class=\"wp-block-image size-large\"><img loading=\"lazy\" decoding=\"async\" width=\"727\" height=\"1024\" data-id=\"1500\" src=\"https:\/\/silejapon-m-etaitconte.com\/wp-content\/uploads\/2023\/06\/dessins-concours-2023_0058-727x1024.jpg\" alt=\"\" class=\"wp-image-1500\" srcset=\"https:\/\/silejapon-m-etaitconte.com\/wp-content\/uploads\/2023\/06\/dessins-concours-2023_0058-727x1024.jpg 727w, https:\/\/silejapon-m-etaitconte.com\/wp-content\/uploads\/2023\/06\/dessins-concours-2023_0058-213x300.jpg 213w, https:\/\/silejapon-m-etaitconte.com\/wp-content\/uploads\/2023\/06\/dessins-concours-2023_0058-768x1082.jpg 768w, https:\/\/silejapon-m-etaitconte.com\/wp-content\/uploads\/2023\/06\/dessins-concours-2023_0058.jpg 800w\" sizes=\"auto, (max-width: 727px) 100vw, 727px\" \/><figcaption class=\"wp-element-caption\">Mila JACOBS (11 ans)<\/figcaption><\/figure>\n<\/figure>\n\n\n<div class=\"wp-block-image\">\n<figure class=\"aligncenter size-large is-resized\"><img decoding=\"async\" src=\"https:\/\/silejapon-m-etaitconte.com\/wp-content\/uploads\/2023\/06\/dessins-concours-2023_0051-777x1024.jpg\" alt=\"\" class=\"wp-image-1505\" width=\"400\" srcset=\"https:\/\/silejapon-m-etaitconte.com\/wp-content\/uploads\/2023\/06\/dessins-concours-2023_0051-777x1024.jpg 777w, https:\/\/silejapon-m-etaitconte.com\/wp-content\/uploads\/2023\/06\/dessins-concours-2023_0051-228x300.jpg 228w, https:\/\/silejapon-m-etaitconte.com\/wp-content\/uploads\/2023\/06\/dessins-concours-2023_0051-768x1012.jpg 768w, https:\/\/silejapon-m-etaitconte.com\/wp-content\/uploads\/2023\/06\/dessins-concours-2023_0051.jpg 800w\" sizes=\"(max-width: 777px) 100vw, 777px\" \/><figcaption class=\"wp-element-caption\">Mylia MALAUSSENA-BARO (8 ans)<\/figcaption><\/figure><\/div>","protected":false},"excerpt":{"rendered":"<p>Voici les meilleurs dessins de ceux qui ont particip\u00e9 mais qui n&rsquo;ont pas eu de prix. Pour voir les dessins des vainqueurs suivez le lien. Et pour les dessins des participants de la cat\u00e9gorie 14 an et plus, c&rsquo;est par ici. Cat\u00e9gorie 7-13 ans &#8211; finalistes Cat\u00e9gorie 7-13 ans &#8211; autres meilleurs dessins<\/p>\n","protected":false},"author":1,"featured_media":0,"parent":1375,"menu_order":-1,"comment_status":"closed","ping_status":"closed","template":"","meta":{"footnotes":""},"class_list":["post-1489","page","type-page","status-publish","hentry","comments-off"],"yoast_head":"<!-- This site is optimized with the Yoast SEO plugin v21.0 - https:\/\/yoast.com\/wordpress\/plugins\/seo\/ -->\n<title>Dessins des participants 2023 - 7-13 ans - Si le Japon m&#039;\u00e9tait cont\u00e9<\/title>\n<meta name=\"robots\" content=\"index, follow, max-snippet:-1, max-image-preview:large, max-video-preview:-1\" \/>\n<link rel=\"canonical\" href=\"https:\/\/silejapon-m-etaitconte.com\/index.php\/resultat-du-concours-de-dessin-manga-2023\/dessins-des-participants-2023-7-13-ans\/\" \/>\n<meta property=\"og:locale\" content=\"fr_FR\" \/>\n<meta property=\"og:type\" content=\"article\" \/>\n<meta property=\"og:title\" content=\"Si le Japon m&#039;\u00e9tait cont\u00e9\" \/>\n<meta property=\"og:description\" content=\"Dessins des participants 2023 - 7-13 ans\" \/>\n<meta property=\"og:url\" content=\"https:\/\/silejapon-m-etaitconte.com\/index.php\/resultat-du-concours-de-dessin-manga-2023\/dessins-des-participants-2023-7-13-ans\/\" \/>\n<meta property=\"og:site_name\" content=\"Si le Japon m&#039;\u00e9tait cont\u00e9\" \/>\n<meta property=\"article:publisher\" content=\"https:\/\/www.facebook.com\/people\/Si-le-Japon-mtait-cont\/100081623407869\/\" \/>\n<meta property=\"og:image\" content=\"https:\/\/silejapon-m-etaitconte.com\/wp-content\/uploads\/2023\/06\/dessins-concours-2023_0043.jpg\" \/>\n\t<meta property=\"og:image:width\" content=\"800\" \/>\n\t<meta property=\"og:image:height\" content=\"1122\" \/>\n\t<meta property=\"og:image:type\" content=\"image\/jpeg\" \/>\n<meta name=\"twitter:card\" content=\"summary_large_image\" \/>\n<meta name=\"twitter:label1\" content=\"Dur\u00e9e de lecture estim\u00e9e\" \/>\n\t<meta name=\"twitter:data1\" content=\"4 minutes\" \/>\n<script type=\"application\/ld+json\" class=\"yoast-schema-graph\">{\"@context\":\"https:\/\/schema.org\",\"@graph\":[{\"@type\":\"WebPage\",\"@id\":\"https:\/\/silejapon-m-etaitconte.com\/index.php\/resultat-du-concours-de-dessin-manga-2023\/dessins-des-participants-2023-7-13-ans\/\",\"url\":\"https:\/\/silejapon-m-etaitconte.com\/index.php\/resultat-du-concours-de-dessin-manga-2023\/dessins-des-participants-2023-7-13-ans\/\",\"name\":\"Dessins des participants 2023 - 7-13 ans - Si le Japon m&#039;\u00e9tait cont\u00e9\",\"isPartOf\":{\"@id\":\"https:\/\/silejapon-m-etaitconte.com\/#website\"},\"datePublished\":\"2023-06-11T20:31:27+00:00\",\"dateModified\":\"2023-06-11T20:31:27+00:00\",\"breadcrumb\":{\"@id\":\"https:\/\/silejapon-m-etaitconte.com\/index.php\/resultat-du-concours-de-dessin-manga-2023\/dessins-des-participants-2023-7-13-ans\/#breadcrumb\"},\"inLanguage\":\"fr-FR\",\"potentialAction\":[{\"@type\":\"ReadAction\",\"target\":[\"https:\/\/silejapon-m-etaitconte.com\/index.php\/resultat-du-concours-de-dessin-manga-2023\/dessins-des-participants-2023-7-13-ans\/\"]}]},{\"@type\":\"BreadcrumbList\",\"@id\":\"https:\/\/silejapon-m-etaitconte.com\/index.php\/resultat-du-concours-de-dessin-manga-2023\/dessins-des-participants-2023-7-13-ans\/#breadcrumb\",\"itemListElement\":[{\"@type\":\"ListItem\",\"position\":1,\"name\":\"Accueil\",\"item\":\"https:\/\/silejapon-m-etaitconte.com\/\"},{\"@type\":\"ListItem\",\"position\":2,\"name\":\"R\u00e9sultat du concours de dessin manga 2023\",\"item\":\"https:\/\/silejapon-m-etaitconte.com\/index.php\/resultat-du-concours-de-dessin-manga-2023\/\"},{\"@type\":\"ListItem\",\"position\":3,\"name\":\"Dessins des participants 2023 &#8211; 7-13 ans\"}]},{\"@type\":\"WebSite\",\"@id\":\"https:\/\/silejapon-m-etaitconte.com\/#website\",\"url\":\"https:\/\/silejapon-m-etaitconte.com\/\",\"name\":\"Si le Japon m'\u00e9tait cont\u00e9\",\"description\":\"Une passerelle entre la France et le Japon\",\"publisher\":{\"@id\":\"https:\/\/silejapon-m-etaitconte.com\/#organization\"},\"potentialAction\":[{\"@type\":\"SearchAction\",\"target\":{\"@type\":\"EntryPoint\",\"urlTemplate\":\"https:\/\/silejapon-m-etaitconte.com\/?s={search_term_string}\"},\"query-input\":\"required name=search_term_string\"}],\"inLanguage\":\"fr-FR\"},{\"@type\":\"Organization\",\"@id\":\"https:\/\/silejapon-m-etaitconte.com\/#organization\",\"name\":\"Si le Japon m'\u00e9tait cont\u00e9\",\"url\":\"https:\/\/silejapon-m-etaitconte.com\/\",\"logo\":{\"@type\":\"ImageObject\",\"inLanguage\":\"fr-FR\",\"@id\":\"https:\/\/silejapon-m-etaitconte.com\/#\/schema\/logo\/image\/\",\"url\":\"https:\/\/silejapon-m-etaitconte.com\/wp-content\/uploads\/2022\/02\/logo_long.jpg\",\"contentUrl\":\"https:\/\/silejapon-m-etaitconte.com\/wp-content\/uploads\/2022\/02\/logo_long.jpg\",\"width\":2444,\"height\":390,\"caption\":\"Si le Japon m'\u00e9tait cont\u00e9\"},\"image\":{\"@id\":\"https:\/\/silejapon-m-etaitconte.com\/#\/schema\/logo\/image\/\"},\"sameAs\":[\"https:\/\/www.facebook.com\/people\/Si-le-Japon-mtait-cont\/100081623407869\/\"]}]}<\/script>\n<!-- \/ Yoast SEO plugin. -->","yoast_head_json":{"title":"Dessins des participants 2023 - 7-13 ans - Si le Japon m&#039;\u00e9tait cont\u00e9","robots":{"index":"index","follow":"follow","max-snippet":"max-snippet:-1","max-image-preview":"max-image-preview:large","max-video-preview":"max-video-preview:-1"},"canonical":"https:\/\/silejapon-m-etaitconte.com\/index.php\/resultat-du-concours-de-dessin-manga-2023\/dessins-des-participants-2023-7-13-ans\/","og_locale":"fr_FR","og_type":"article","og_title":"Si le Japon m&#039;\u00e9tait cont\u00e9","og_description":"Dessins des participants 2023 - 7-13 ans","og_url":"https:\/\/silejapon-m-etaitconte.com\/index.php\/resultat-du-concours-de-dessin-manga-2023\/dessins-des-participants-2023-7-13-ans\/","og_site_name":"Si le Japon m&#039;\u00e9tait cont\u00e9","article_publisher":"https:\/\/www.facebook.com\/people\/Si-le-Japon-mtait-cont\/100081623407869\/","og_image":[{"width":800,"height":1122,"url":"https:\/\/silejapon-m-etaitconte.com\/wp-content\/uploads\/2023\/06\/dessins-concours-2023_0043.jpg","type":"image\/jpeg"}],"twitter_card":"summary_large_image","twitter_misc":{"Dur\u00e9e de lecture estim\u00e9e":"4 minutes"},"schema":{"@context":"https:\/\/schema.org","@graph":[{"@type":"WebPage","@id":"https:\/\/silejapon-m-etaitconte.com\/index.php\/resultat-du-concours-de-dessin-manga-2023\/dessins-des-participants-2023-7-13-ans\/","url":"https:\/\/silejapon-m-etaitconte.com\/index.php\/resultat-du-concours-de-dessin-manga-2023\/dessins-des-participants-2023-7-13-ans\/","name":"Dessins des participants 2023 - 7-13 ans - Si le Japon m&#039;\u00e9tait cont\u00e9","isPartOf":{"@id":"https:\/\/silejapon-m-etaitconte.com\/#website"},"datePublished":"2023-06-11T20:31:27+00:00","dateModified":"2023-06-11T20:31:27+00:00","breadcrumb":{"@id":"https:\/\/silejapon-m-etaitconte.com\/index.php\/resultat-du-concours-de-dessin-manga-2023\/dessins-des-participants-2023-7-13-ans\/#breadcrumb"},"inLanguage":"fr-FR","potentialAction":[{"@type":"ReadAction","target":["https:\/\/silejapon-m-etaitconte.com\/index.php\/resultat-du-concours-de-dessin-manga-2023\/dessins-des-participants-2023-7-13-ans\/"]}]},{"@type":"BreadcrumbList","@id":"https:\/\/silejapon-m-etaitconte.com\/index.php\/resultat-du-concours-de-dessin-manga-2023\/dessins-des-participants-2023-7-13-ans\/#breadcrumb","itemListElement":[{"@type":"ListItem","position":1,"name":"Accueil","item":"https:\/\/silejapon-m-etaitconte.com\/"},{"@type":"ListItem","position":2,"name":"R\u00e9sultat du concours de dessin manga 2023","item":"https:\/\/silejapon-m-etaitconte.com\/index.php\/resultat-du-concours-de-dessin-manga-2023\/"},{"@type":"ListItem","position":3,"name":"Dessins des participants 2023 &#8211; 7-13 ans"}]},{"@type":"WebSite","@id":"https:\/\/silejapon-m-etaitconte.com\/#website","url":"https:\/\/silejapon-m-etaitconte.com\/","name":"Si le Japon m'\u00e9tait cont\u00e9","description":"Une passerelle entre la France et le Japon","publisher":{"@id":"https:\/\/silejapon-m-etaitconte.com\/#organization"},"potentialAction":[{"@type":"SearchAction","target":{"@type":"EntryPoint","urlTemplate":"https:\/\/silejapon-m-etaitconte.com\/?s={search_term_string}"},"query-input":"required name=search_term_string"}],"inLanguage":"fr-FR"},{"@type":"Organization","@id":"https:\/\/silejapon-m-etaitconte.com\/#organization","name":"Si le Japon m'\u00e9tait cont\u00e9","url":"https:\/\/silejapon-m-etaitconte.com\/","logo":{"@type":"ImageObject","inLanguage":"fr-FR","@id":"https:\/\/silejapon-m-etaitconte.com\/#\/schema\/logo\/image\/","url":"https:\/\/silejapon-m-etaitconte.com\/wp-content\/uploads\/2022\/02\/logo_long.jpg","contentUrl":"https:\/\/silejapon-m-etaitconte.com\/wp-content\/uploads\/2022\/02\/logo_long.jpg","width":2444,"height":390,"caption":"Si le Japon m'\u00e9tait cont\u00e9"},"image":{"@id":"https:\/\/silejapon-m-etaitconte.com\/#\/schema\/logo\/image\/"},"sameAs":["https:\/\/www.facebook.com\/people\/Si-le-Japon-mtait-cont\/100081623407869\/"]}]}},"_links":{"self":[{"href":"https:\/\/silejapon-m-etaitconte.com\/index.php\/wp-json\/wp\/v2\/pages\/1489","targetHints":{"allow":["GET"]}}],"collection":[{"href":"https:\/\/silejapon-m-etaitconte.com\/index.php\/wp-json\/wp\/v2\/pages"}],"about":[{"href":"https:\/\/silejapon-m-etaitconte.com\/index.php\/wp-json\/wp\/v2\/types\/page"}],"author":[{"embeddable":true,"href":"https:\/\/silejapon-m-etaitconte.com\/index.php\/wp-json\/wp\/v2\/users\/1"}],"replies":[{"embeddable":true,"href":"https:\/\/silejapon-m-etaitconte.com\/index.php\/wp-json\/wp\/v2\/comments?post=1489"}],"version-history":[{"count":7,"href":"https:\/\/silejapon-m-etaitconte.com\/index.php\/wp-json\/wp\/v2\/pages\/1489\/revisions"}],"predecessor-version":[{"id":1522,"href":"https:\/\/silejapon-m-etaitconte.com\/index.php\/wp-json\/wp\/v2\/pages\/1489\/revisions\/1522"}],"up":[{"embeddable":true,"href":"https:\/\/silejapon-m-etaitconte.com\/index.php\/wp-json\/wp\/v2\/pages\/1375"}],"wp:attachment":[{"href":"https:\/\/silejapon-m-etaitconte.com\/index.php\/wp-json\/wp\/v2\/media?parent=1489"}],"curies":[{"name":"wp","href":"https:\/\/api.w.org\/{rel}","templated":true}]}}