{"id":1375,"date":"2023-06-04T13:49:25","date_gmt":"2023-06-04T11:49:25","guid":{"rendered":"https:\/\/silejapon-m-etaitconte.com\/?page_id=1375"},"modified":"2023-06-12T16:36:51","modified_gmt":"2023-06-12T14:36:51","slug":"resultat-du-concours-de-dessin-manga-2023","status":"publish","type":"page","link":"https:\/\/silejapon-m-etaitconte.com\/index.php\/resultat-du-concours-de-dessin-manga-2023\/","title":{"rendered":"R\u00e9sultat du concours de dessin manga 2023"},"content":{"rendered":"\n<p>Tout d&rsquo;abord un grand merci \u00e0 tous les participants. On a re\u00e7u 78 dessins pour ce concours, 38 dans la cat\u00e9gorie 7-13 ans et 40 dans la cat\u00e9gorie 14 ans et plus. On est tr\u00e8s content d&rsquo;en avoir re\u00e7u autant et surtout il y avait \u00e9norm\u00e9ment de talent ! Ce fut donc tr\u00e8s dur de choisir les prix vainqueurs et surtout d&rsquo;\u00e9carter des dessins de qualit\u00e9s, d&rsquo;o\u00f9 l&rsquo;abondance de r\u00e9compenses car nous avons d\u00e9cid\u00e9 de distribuer 11 prix pour ce concours. Alors F\u00e9licitations \u00e0 tous ceux qui ont obtenu un prix mais aussi aux autres d&rsquo;avoir particip\u00e9 et de nous avoir fait profit\u00e9 de leurs dessins. <br>Pour voir les dessins des finalistes et les autres meilleurs dessins, suivez les liens suivants : <a href=\"https:\/\/silejapon-m-etaitconte.com\/index.php\/resultat-du-concours-de-dessin-manga-2023\/dessins-des-participants-2023-14-ans-et-plus\/\">cat\u00e9gorie 14 ans<\/a> et plus , <a href=\"https:\/\/silejapon-m-etaitconte.com\/index.php\/resultat-du-concours-de-dessin-manga-2023\/dessins-des-participants-2023-7-13-ans\/\">cat\u00e9gorie 7-13ans<\/a>. <\/p>\n\n\n\n<p class=\"has-blush-light-purple-gradient-background has-background has-medium-font-size\"><strong>Cat\u00e9gorie 14 ans et plus<\/strong><\/p>\n\n\n\n<figure class=\"wp-block-image size-large is-resized\"><img decoding=\"async\" src=\"https:\/\/silejapon-m-etaitconte.com\/wp-content\/uploads\/2023\/06\/dessins-concours-2023_0001-1-729x1024.jpg\" alt=\"\" class=\"wp-image-1383\" width=\"550\" srcset=\"https:\/\/silejapon-m-etaitconte.com\/wp-content\/uploads\/2023\/06\/dessins-concours-2023_0001-1-729x1024.jpg 729w, https:\/\/silejapon-m-etaitconte.com\/wp-content\/uploads\/2023\/06\/dessins-concours-2023_0001-1-214x300.jpg 214w, https:\/\/silejapon-m-etaitconte.com\/wp-content\/uploads\/2023\/06\/dessins-concours-2023_0001-1-768x1079.jpg 768w, https:\/\/silejapon-m-etaitconte.com\/wp-content\/uploads\/2023\/06\/dessins-concours-2023_0001-1.jpg 800w\" sizes=\"(max-width: 729px) 100vw, 729px\" \/><figcaption class=\"wp-element-caption\"><strong>Grand Prix Coup de C\u0153ur : Emm\u00e9ranne LIBERT (21 ans)<\/strong><\/figcaption><\/figure>\n\n\n\n<p><\/p>\n\n\n\n<figure class=\"wp-block-image size-large is-resized\"><img decoding=\"async\" src=\"https:\/\/silejapon-m-etaitconte.com\/wp-content\/uploads\/2023\/06\/dessins-concours-2023_0002-1-730x1024.jpg\" alt=\"\" class=\"wp-image-1384\" width=\"550\" srcset=\"https:\/\/silejapon-m-etaitconte.com\/wp-content\/uploads\/2023\/06\/dessins-concours-2023_0002-1-730x1024.jpg 730w, https:\/\/silejapon-m-etaitconte.com\/wp-content\/uploads\/2023\/06\/dessins-concours-2023_0002-1-214x300.jpg 214w, https:\/\/silejapon-m-etaitconte.com\/wp-content\/uploads\/2023\/06\/dessins-concours-2023_0002-1-768x1078.jpg 768w, https:\/\/silejapon-m-etaitconte.com\/wp-content\/uploads\/2023\/06\/dessins-concours-2023_0002-1.jpg 784w\" sizes=\"(max-width: 730px) 100vw, 730px\" \/><figcaption class=\"wp-element-caption\"><strong>1er Prix : Lilou PAUQUET (17 ans)<\/strong><\/figcaption><\/figure>\n\n\n\n<p><\/p>\n\n\n\n<figure class=\"wp-block-image size-large is-resized\"><img decoding=\"async\" src=\"https:\/\/silejapon-m-etaitconte.com\/wp-content\/uploads\/2023\/06\/dessins-concours-2023_0003-1-735x1024.jpg\" alt=\"\" class=\"wp-image-1385\" width=\"550\" srcset=\"https:\/\/silejapon-m-etaitconte.com\/wp-content\/uploads\/2023\/06\/dessins-concours-2023_0003-1-735x1024.jpg 735w, https:\/\/silejapon-m-etaitconte.com\/wp-content\/uploads\/2023\/06\/dessins-concours-2023_0003-1-215x300.jpg 215w, https:\/\/silejapon-m-etaitconte.com\/wp-content\/uploads\/2023\/06\/dessins-concours-2023_0003-1-768x1070.jpg 768w, https:\/\/silejapon-m-etaitconte.com\/wp-content\/uploads\/2023\/06\/dessins-concours-2023_0003-1.jpg 800w\" sizes=\"(max-width: 735px) 100vw, 735px\" \/><figcaption class=\"wp-element-caption\"><strong>2\u00e8me Prix ex-\u00e6quo : Fanny PELLETIER (24 ans)<\/strong><\/figcaption><\/figure>\n\n\n\n<p><\/p>\n\n\n\n<figure class=\"wp-block-image size-large is-resized\"><img decoding=\"async\" src=\"https:\/\/silejapon-m-etaitconte.com\/wp-content\/uploads\/2023\/06\/dessins-concours-2023_0004-1-726x1024.jpg\" alt=\"\" class=\"wp-image-1386\" width=\"550\" srcset=\"https:\/\/silejapon-m-etaitconte.com\/wp-content\/uploads\/2023\/06\/dessins-concours-2023_0004-1-726x1024.jpg 726w, https:\/\/silejapon-m-etaitconte.com\/wp-content\/uploads\/2023\/06\/dessins-concours-2023_0004-1-213x300.jpg 213w, https:\/\/silejapon-m-etaitconte.com\/wp-content\/uploads\/2023\/06\/dessins-concours-2023_0004-1-768x1084.jpg 768w, https:\/\/silejapon-m-etaitconte.com\/wp-content\/uploads\/2023\/06\/dessins-concours-2023_0004-1.jpg 800w\" sizes=\"(max-width: 726px) 100vw, 726px\" \/><figcaption class=\"wp-element-caption\"><strong>2\u00e8me Prix ex-\u00e6quo : Nami REGIS (17 ans)<\/strong><\/figcaption><\/figure>\n\n\n\n<p><\/p>\n\n\n\n<figure class=\"wp-block-image size-large is-resized\"><img decoding=\"async\" src=\"https:\/\/silejapon-m-etaitconte.com\/wp-content\/uploads\/2023\/06\/dessins-concours-2023_0005-1-728x1024.jpg\" alt=\"\" class=\"wp-image-1389\" width=\"550\" srcset=\"https:\/\/silejapon-m-etaitconte.com\/wp-content\/uploads\/2023\/06\/dessins-concours-2023_0005-1-728x1024.jpg 728w, https:\/\/silejapon-m-etaitconte.com\/wp-content\/uploads\/2023\/06\/dessins-concours-2023_0005-1-213x300.jpg 213w, https:\/\/silejapon-m-etaitconte.com\/wp-content\/uploads\/2023\/06\/dessins-concours-2023_0005-1-768x1080.jpg 768w, https:\/\/silejapon-m-etaitconte.com\/wp-content\/uploads\/2023\/06\/dessins-concours-2023_0005-1.jpg 1000w\" sizes=\"(max-width: 728px) 100vw, 728px\" \/><figcaption class=\"wp-element-caption\"><strong>3\u00e8me Prix : Lisa Wang-Vidal (15 ans)<\/strong><\/figcaption><\/figure>\n\n\n\n<p><\/p>\n\n\n\n<figure class=\"wp-block-image size-large is-resized\"><img decoding=\"async\" src=\"https:\/\/silejapon-m-etaitconte.com\/wp-content\/uploads\/2023\/06\/dessins-concours-2023_0006-1-724x1024.jpg\" alt=\"\" class=\"wp-image-1391\" width=\"550\" srcset=\"https:\/\/silejapon-m-etaitconte.com\/wp-content\/uploads\/2023\/06\/dessins-concours-2023_0006-1-724x1024.jpg 724w, https:\/\/silejapon-m-etaitconte.com\/wp-content\/uploads\/2023\/06\/dessins-concours-2023_0006-1-212x300.jpg 212w, https:\/\/silejapon-m-etaitconte.com\/wp-content\/uploads\/2023\/06\/dessins-concours-2023_0006-1-768x1087.jpg 768w, https:\/\/silejapon-m-etaitconte.com\/wp-content\/uploads\/2023\/06\/dessins-concours-2023_0006-1.jpg 1000w\" sizes=\"(max-width: 724px) 100vw, 724px\" \/><figcaption class=\"wp-element-caption\"><strong>Prix Si le Japon m&rsquo;\u00e9tait cont\u00e9 : Doulcina CORR\u00c9 (21 ans)<\/strong><\/figcaption><\/figure>\n\n\n\n<p class=\"has-pale-ocean-gradient-background has-background has-medium-font-size\"><strong>Cat\u00e9gorie 7 ans &#8211; 13 ans<\/strong><\/p>\n\n\n\n<figure class=\"wp-block-image size-large is-resized\"><img decoding=\"async\" src=\"https:\/\/silejapon-m-etaitconte.com\/wp-content\/uploads\/2023\/06\/dessins-concours-2023_0007-723x1024.jpg\" alt=\"\" class=\"wp-image-1393\" width=\"552\" srcset=\"https:\/\/silejapon-m-etaitconte.com\/wp-content\/uploads\/2023\/06\/dessins-concours-2023_0007-723x1024.jpg 723w, https:\/\/silejapon-m-etaitconte.com\/wp-content\/uploads\/2023\/06\/dessins-concours-2023_0007-212x300.jpg 212w, https:\/\/silejapon-m-etaitconte.com\/wp-content\/uploads\/2023\/06\/dessins-concours-2023_0007-768x1088.jpg 768w, https:\/\/silejapon-m-etaitconte.com\/wp-content\/uploads\/2023\/06\/dessins-concours-2023_0007.jpg 800w\" sizes=\"(max-width: 723px) 100vw, 723px\" \/><figcaption class=\"wp-element-caption\"><strong>1er Prix : Himiko FUJIMOTO-COU\u00cbT (13 ans)<\/strong><\/figcaption><\/figure>\n\n\n\n<figure class=\"wp-block-image size-large is-resized\"><img decoding=\"async\" src=\"https:\/\/silejapon-m-etaitconte.com\/wp-content\/uploads\/2023\/06\/dessins-concours-2023_0008-727x1024.jpg\" alt=\"\" class=\"wp-image-1394\" width=\"550\" srcset=\"https:\/\/silejapon-m-etaitconte.com\/wp-content\/uploads\/2023\/06\/dessins-concours-2023_0008-727x1024.jpg 727w, https:\/\/silejapon-m-etaitconte.com\/wp-content\/uploads\/2023\/06\/dessins-concours-2023_0008-213x300.jpg 213w, https:\/\/silejapon-m-etaitconte.com\/wp-content\/uploads\/2023\/06\/dessins-concours-2023_0008-768x1082.jpg 768w, https:\/\/silejapon-m-etaitconte.com\/wp-content\/uploads\/2023\/06\/dessins-concours-2023_0008.jpg 800w\" sizes=\"(max-width: 727px) 100vw, 727px\" \/><figcaption class=\"wp-element-caption\"><strong>2er Prix : Romane BOURGOIN (13 ans)<\/strong><\/figcaption><\/figure>\n\n\n\n<figure class=\"wp-block-image size-large is-resized\"><img decoding=\"async\" src=\"https:\/\/silejapon-m-etaitconte.com\/wp-content\/uploads\/2023\/06\/dessins-concours-2023_0009-726x1024.jpg\" alt=\"\" class=\"wp-image-1395\" width=\"550\" srcset=\"https:\/\/silejapon-m-etaitconte.com\/wp-content\/uploads\/2023\/06\/dessins-concours-2023_0009-726x1024.jpg 726w, https:\/\/silejapon-m-etaitconte.com\/wp-content\/uploads\/2023\/06\/dessins-concours-2023_0009-213x300.jpg 213w, https:\/\/silejapon-m-etaitconte.com\/wp-content\/uploads\/2023\/06\/dessins-concours-2023_0009-768x1084.jpg 768w, https:\/\/silejapon-m-etaitconte.com\/wp-content\/uploads\/2023\/06\/dessins-concours-2023_0009.jpg 800w\" sizes=\"(max-width: 726px) 100vw, 726px\" \/><figcaption class=\"wp-element-caption\"><strong>3er Prix : Akan\u00e9 FABRE (13 ans)<\/strong><\/figcaption><\/figure>\n\n\n\n<figure class=\"wp-block-image size-large is-resized\"><img decoding=\"async\" src=\"https:\/\/silejapon-m-etaitconte.com\/wp-content\/uploads\/2023\/06\/dessins-concours-2023_0010-731x1024.jpg\" alt=\"\" class=\"wp-image-1396\" width=\"550\" srcset=\"https:\/\/silejapon-m-etaitconte.com\/wp-content\/uploads\/2023\/06\/dessins-concours-2023_0010-731x1024.jpg 731w, https:\/\/silejapon-m-etaitconte.com\/wp-content\/uploads\/2023\/06\/dessins-concours-2023_0010-214x300.jpg 214w, https:\/\/silejapon-m-etaitconte.com\/wp-content\/uploads\/2023\/06\/dessins-concours-2023_0010-768x1075.jpg 768w, https:\/\/silejapon-m-etaitconte.com\/wp-content\/uploads\/2023\/06\/dessins-concours-2023_0010.jpg 800w\" sizes=\"(max-width: 731px) 100vw, 731px\" \/><figcaption class=\"wp-element-caption\"><strong>Prix Hors-Cat\u00e9gorie : Jade ROELENS (13ans)<\/strong><\/figcaption><\/figure>\n\n\n\n<figure class=\"wp-block-image size-large is-resized\"><img decoding=\"async\" src=\"https:\/\/silejapon-m-etaitconte.com\/wp-content\/uploads\/2023\/06\/dessins-concours-2023_0012-786x1024.jpg\" alt=\"\" class=\"wp-image-1398\" width=\"550\" srcset=\"https:\/\/silejapon-m-etaitconte.com\/wp-content\/uploads\/2023\/06\/dessins-concours-2023_0012-786x1024.jpg 786w, https:\/\/silejapon-m-etaitconte.com\/wp-content\/uploads\/2023\/06\/dessins-concours-2023_0012-230x300.jpg 230w, https:\/\/silejapon-m-etaitconte.com\/wp-content\/uploads\/2023\/06\/dessins-concours-2023_0012-768x1000.jpg 768w, https:\/\/silejapon-m-etaitconte.com\/wp-content\/uploads\/2023\/06\/dessins-concours-2023_0012.jpg 800w\" sizes=\"(max-width: 786px) 100vw, 786px\" \/><figcaption class=\"wp-element-caption\"><strong>Prix Jeune : Aydan BAUDELIN (10 ans)<\/strong><\/figcaption><\/figure>\n\n\n\n<p>Pour les prix, remercions <strong><a href=\"https:\/\/www.facebook.com\/MediathequesConflentCanigo\/\" target=\"_blank\" rel=\"noreferrer noopener\">la m\u00e9diath\u00e8que de Prades<\/a><\/strong> qui offre 200\u20ac de mangas (les vainqueurs concern\u00e9s seront appel\u00e9s pour choisir les mangas qu&rsquo;ils veulent), <strong><a href=\"https:\/\/www.facebook.com\/hybridperpignan\/?locale=fr_FR\" target=\"_blank\" rel=\"noreferrer noopener\">la librairie manga de Perpignan Hybrid<\/a><\/strong> qui offre 160\u20ac de bons d&rsquo;achats dans sa boutique, <strong><a href=\"https:\/\/www.facebook.com\/p\/Atelier-art-29-100070901625922\/\" target=\"_blank\" rel=\"noreferrer noopener\">Atelier Art 29<\/a><\/strong> la boutique d&rsquo;art orient\u00e9e univers japonais \u00e0 Villefranche-de-Conflent offre un t-shirt, une banderole et un sac (tous customis\u00e9s par leurs soins, valeur totale 50\u20ac), <strong><a href=\"https:\/\/www.facebook.com\/minamiperpignan\/\" target=\"_blank\" rel=\"noreferrer noopener\">Minami<\/a><\/strong> restaurant japonais \u00e0 Perpignan offre un bon de 20\u20ac pour manger chez eux et <strong><a href=\"https:\/\/www.facebook.com\/p\/Cipango-Articles-Japonais-100054277821265\/\" target=\"_blank\" rel=\"noreferrer noopener\">Cipango<\/a><\/strong> boutique d&rsquo;articles japonais \u00e0 Perpignan offre un superbe furoshiki (valeur 16\u20ac). Enfin l&rsquo;association <strong>Si le Japon m&rsquo;\u00e9tait cont\u00e9<\/strong> compl\u00e8te les prix en offrant aussi un bon de 20\u20ac pour manger chez Minami, un t-shirt customis\u00e9 de l&rsquo;Atelier Art 29 (valeur 25\u20ac) et un bol japonais achet\u00e9 chez Cipango (valeur 16\u20ac). Pour les t-shirts aussi nous appellerons les personnes concern\u00e9es pour qu&rsquo;ils puissent choisir leur pr\u00e9f\u00e9rence et leur taille. <\/p>\n\n\n\n<p>Les prix se r\u00e9partissent comme suit <\/p>\n\n\n\n<p><strong>Pour les 7-13 ans :<\/strong><\/p>\n\n\n\n<p><strong>1er Prix<\/strong>  : 4 mangas offerts par la m\u00e9diath\u00e8que de Prades, 30 \u20ac de bons d&rsquo;achat offert par Hybrid dans sa boutique et un t-shirt customis\u00e9 d&rsquo;Atelier Art 29 offert par Si le Japon m&rsquo;\u00e9tait cont\u00e9<\/p>\n\n\n\n<p><strong>2\u00e8me Prix<\/strong> : 4 mangas offerts par la m\u00e9diath\u00e8que de Prades et un sac ou une banderole customis\u00e9 offert par Atelier Art 29     <\/p>\n\n\n\n<p><\/p>\n\n\n\n<p><strong>3\u00e8me Prix<\/strong> : 3 mangas offerts par la m\u00e9diath\u00e8que de Prades<\/p>\n\n\n\n<p><strong>Prix Hors-Cat\u00e9gorie <\/strong>: 3 mangas offerts par la m\u00e9diath\u00e8que de Prades     <\/p>\n\n\n\n<p><strong>Prix Jeune <\/strong>:  3 mangas offerts par la m\u00e9diath\u00e8que de Prades     <\/p>\n\n\n\n<p><strong>Pour les 14 ans et plus :<\/strong><\/p>\n\n\n\n<p><strong>Grand Prix Coup de C\u0153ur<\/strong> : 70\u20ac  de bons d&rsquo;achat offert par Hybrid dans sa boutique et un bon de 20\u20ac offert par le restaurant japonais Minami  <\/p>\n\n\n\n<p><strong>1er Prix<\/strong> :  4 mangas offerts par la m\u00e9diath\u00e8que de Prades, 30 \u20ac de bons d&rsquo;achat offert par Hybrid dans sa boutique et un t-shirt customis\u00e9 offert par Atelier Art 29  <\/p>\n\n\n\n<p><strong>2\u00e8me Prix ex-\u00e6quo<\/strong> : 30 \u20ac de bons d&rsquo;achat offert par Hybrid dans sa boutique et un tissu furoshiki offert par Cipango                                                                             <\/p>\n\n\n\n<p><strong>2\u00e8me Prix ex-\u00e6quo<\/strong> : 4 mangas offerts par la m\u00e9diath\u00e8que de Prades et une banderole customis\u00e9e offert par Atelier Art 29<\/p>\n\n\n\n<p><strong>3\u00e8me Prix<\/strong> : 3 mangas offerts par la m\u00e9diath\u00e8que de Prades <\/p>\n\n\n\n<p><strong>Prix Si le Japon m&rsquo;\u00e9tait cont\u00e9<\/strong> : un bon de 20\u20ac au restaurant Minami offert par Si le Japon m&rsquo;\u00e9tait cont\u00e9 et un bol japonais de Cipango offert par Si le Japon m&rsquo;\u00e9tait cont\u00e9<\/p>\n","protected":false},"excerpt":{"rendered":"<p>Tout d&rsquo;abord un grand merci \u00e0 tous les participants. On a re\u00e7u 78 dessins pour ce concours, 38 dans la cat\u00e9gorie 7-13 ans et 40 dans la cat\u00e9gorie 14 ans et plus. On est tr\u00e8s content d&rsquo;en avoir re\u00e7u autant et surtout il y avait \u00e9norm\u00e9ment de talent ! Ce fut donc tr\u00e8s dur de choisir les prix vainqueurs et surtout d&rsquo;\u00e9carter des dessins de qualit\u00e9s, d&rsquo;o\u00f9 l&rsquo;abondance de r\u00e9compenses car nous avons d\u00e9cid\u00e9 de distribuer 11 prix pour ce concours. Alors F\u00e9licitations \u00e0 tous ceux qui ont obtenu un prix mais aussi aux autres d&rsquo;avoir particip\u00e9 et de nous<\/p>\n","protected":false},"author":1,"featured_media":0,"parent":0,"menu_order":0,"comment_status":"closed","ping_status":"closed","template":"","meta":{"footnotes":""},"class_list":["post-1375","page","type-page","status-publish","hentry","comments-off"],"yoast_head":"<!-- This site is optimized with the Yoast SEO plugin v21.0 - https:\/\/yoast.com\/wordpress\/plugins\/seo\/ -->\n<title>R\u00e9sultat du concours de dessin manga 2023 - Si le Japon m&#039;\u00e9tait cont\u00e9<\/title>\n<meta name=\"robots\" content=\"index, follow, max-snippet:-1, max-image-preview:large, max-video-preview:-1\" \/>\n<link rel=\"canonical\" href=\"https:\/\/silejapon-m-etaitconte.com\/index.php\/resultat-du-concours-de-dessin-manga-2023\/\" \/>\n<meta property=\"og:locale\" content=\"fr_FR\" \/>\n<meta property=\"og:type\" content=\"article\" \/>\n<meta property=\"og:title\" content=\"concours dessins 2023\" \/>\n<meta property=\"og:description\" content=\"Tout d&rsquo;abord un grand merci \u00e0 tous les participants. On a re\u00e7u 78 dessins pour ce concours, 38 dans la cat\u00e9gorie 7-13 ans et 40 dans la cat\u00e9gorie 14 ans et plus. On est tr\u00e8s content d&rsquo;en avoir re\u00e7u autant et surtout il y avait \u00e9norm\u00e9ment de talent ! Ce fut donc tr\u00e8s dur de choisir les prix vainqueurs et surtout d&rsquo;\u00e9carter des dessins de qualit\u00e9s, d&rsquo;o\u00f9 l&rsquo;abondance de r\u00e9compenses car nous avons d\u00e9cid\u00e9 de distribuer 11 prix pour ce concours. Alors F\u00e9licitations \u00e0 tous ceux qui ont obtenu un prix mais aussi aux autres d&rsquo;avoir particip\u00e9 et de nous\" \/>\n<meta property=\"og:url\" content=\"https:\/\/silejapon-m-etaitconte.com\/index.php\/resultat-du-concours-de-dessin-manga-2023\/\" \/>\n<meta property=\"og:site_name\" content=\"Si le Japon m&#039;\u00e9tait cont\u00e9\" \/>\n<meta property=\"article:publisher\" content=\"https:\/\/www.facebook.com\/people\/Si-le-Japon-mtait-cont\/100081623407869\/\" \/>\n<meta property=\"article:modified_time\" content=\"2023-06-12T14:36:51+00:00\" \/>\n<meta property=\"og:image\" content=\"https:\/\/silejapon-m-etaitconte.com\/wp-content\/uploads\/2023\/06\/dessins-concours-2023_0001-1.jpg\" \/>\n\t<meta property=\"og:image:width\" content=\"800\" \/>\n\t<meta property=\"og:image:height\" content=\"1124\" \/>\n\t<meta property=\"og:image:type\" content=\"image\/jpeg\" \/>\n<meta name=\"twitter:card\" content=\"summary_large_image\" \/>\n<meta name=\"twitter:label1\" content=\"Dur\u00e9e de lecture estim\u00e9e\" \/>\n\t<meta name=\"twitter:data1\" content=\"6 minutes\" \/>\n<script type=\"application\/ld+json\" class=\"yoast-schema-graph\">{\"@context\":\"https:\/\/schema.org\",\"@graph\":[{\"@type\":\"WebPage\",\"@id\":\"https:\/\/silejapon-m-etaitconte.com\/index.php\/resultat-du-concours-de-dessin-manga-2023\/\",\"url\":\"https:\/\/silejapon-m-etaitconte.com\/index.php\/resultat-du-concours-de-dessin-manga-2023\/\",\"name\":\"R\u00e9sultat du concours de dessin manga 2023 - Si le Japon m&#039;\u00e9tait cont\u00e9\",\"isPartOf\":{\"@id\":\"https:\/\/silejapon-m-etaitconte.com\/#website\"},\"datePublished\":\"2023-06-04T11:49:25+00:00\",\"dateModified\":\"2023-06-12T14:36:51+00:00\",\"breadcrumb\":{\"@id\":\"https:\/\/silejapon-m-etaitconte.com\/index.php\/resultat-du-concours-de-dessin-manga-2023\/#breadcrumb\"},\"inLanguage\":\"fr-FR\",\"potentialAction\":[{\"@type\":\"ReadAction\",\"target\":[\"https:\/\/silejapon-m-etaitconte.com\/index.php\/resultat-du-concours-de-dessin-manga-2023\/\"]}]},{\"@type\":\"BreadcrumbList\",\"@id\":\"https:\/\/silejapon-m-etaitconte.com\/index.php\/resultat-du-concours-de-dessin-manga-2023\/#breadcrumb\",\"itemListElement\":[{\"@type\":\"ListItem\",\"position\":1,\"name\":\"Accueil\",\"item\":\"https:\/\/silejapon-m-etaitconte.com\/\"},{\"@type\":\"ListItem\",\"position\":2,\"name\":\"R\u00e9sultat du concours de dessin manga 2023\"}]},{\"@type\":\"WebSite\",\"@id\":\"https:\/\/silejapon-m-etaitconte.com\/#website\",\"url\":\"https:\/\/silejapon-m-etaitconte.com\/\",\"name\":\"Si le Japon m'\u00e9tait cont\u00e9\",\"description\":\"Une passerelle entre la France et le Japon\",\"publisher\":{\"@id\":\"https:\/\/silejapon-m-etaitconte.com\/#organization\"},\"potentialAction\":[{\"@type\":\"SearchAction\",\"target\":{\"@type\":\"EntryPoint\",\"urlTemplate\":\"https:\/\/silejapon-m-etaitconte.com\/?s={search_term_string}\"},\"query-input\":\"required name=search_term_string\"}],\"inLanguage\":\"fr-FR\"},{\"@type\":\"Organization\",\"@id\":\"https:\/\/silejapon-m-etaitconte.com\/#organization\",\"name\":\"Si le Japon m'\u00e9tait cont\u00e9\",\"url\":\"https:\/\/silejapon-m-etaitconte.com\/\",\"logo\":{\"@type\":\"ImageObject\",\"inLanguage\":\"fr-FR\",\"@id\":\"https:\/\/silejapon-m-etaitconte.com\/#\/schema\/logo\/image\/\",\"url\":\"https:\/\/silejapon-m-etaitconte.com\/wp-content\/uploads\/2022\/02\/logo_long.jpg\",\"contentUrl\":\"https:\/\/silejapon-m-etaitconte.com\/wp-content\/uploads\/2022\/02\/logo_long.jpg\",\"width\":2444,\"height\":390,\"caption\":\"Si le Japon m'\u00e9tait cont\u00e9\"},\"image\":{\"@id\":\"https:\/\/silejapon-m-etaitconte.com\/#\/schema\/logo\/image\/\"},\"sameAs\":[\"https:\/\/www.facebook.com\/people\/Si-le-Japon-mtait-cont\/100081623407869\/\"]}]}<\/script>\n<!-- \/ Yoast SEO plugin. -->","yoast_head_json":{"title":"R\u00e9sultat du concours de dessin manga 2023 - Si le Japon m&#039;\u00e9tait cont\u00e9","robots":{"index":"index","follow":"follow","max-snippet":"max-snippet:-1","max-image-preview":"max-image-preview:large","max-video-preview":"max-video-preview:-1"},"canonical":"https:\/\/silejapon-m-etaitconte.com\/index.php\/resultat-du-concours-de-dessin-manga-2023\/","og_locale":"fr_FR","og_type":"article","og_title":"concours dessins 2023","og_description":"Tout d&rsquo;abord un grand merci \u00e0 tous les participants. On a re\u00e7u 78 dessins pour ce concours, 38 dans la cat\u00e9gorie 7-13 ans et 40 dans la cat\u00e9gorie 14 ans et plus. On est tr\u00e8s content d&rsquo;en avoir re\u00e7u autant et surtout il y avait \u00e9norm\u00e9ment de talent ! Ce fut donc tr\u00e8s dur de choisir les prix vainqueurs et surtout d&rsquo;\u00e9carter des dessins de qualit\u00e9s, d&rsquo;o\u00f9 l&rsquo;abondance de r\u00e9compenses car nous avons d\u00e9cid\u00e9 de distribuer 11 prix pour ce concours. Alors F\u00e9licitations \u00e0 tous ceux qui ont obtenu un prix mais aussi aux autres d&rsquo;avoir particip\u00e9 et de nous","og_url":"https:\/\/silejapon-m-etaitconte.com\/index.php\/resultat-du-concours-de-dessin-manga-2023\/","og_site_name":"Si le Japon m&#039;\u00e9tait cont\u00e9","article_publisher":"https:\/\/www.facebook.com\/people\/Si-le-Japon-mtait-cont\/100081623407869\/","article_modified_time":"2023-06-12T14:36:51+00:00","og_image":[{"width":800,"height":1124,"url":"https:\/\/silejapon-m-etaitconte.com\/wp-content\/uploads\/2023\/06\/dessins-concours-2023_0001-1.jpg","type":"image\/jpeg"}],"twitter_card":"summary_large_image","twitter_misc":{"Dur\u00e9e de lecture estim\u00e9e":"6 minutes"},"schema":{"@context":"https:\/\/schema.org","@graph":[{"@type":"WebPage","@id":"https:\/\/silejapon-m-etaitconte.com\/index.php\/resultat-du-concours-de-dessin-manga-2023\/","url":"https:\/\/silejapon-m-etaitconte.com\/index.php\/resultat-du-concours-de-dessin-manga-2023\/","name":"R\u00e9sultat du concours de dessin manga 2023 - Si le Japon m&#039;\u00e9tait cont\u00e9","isPartOf":{"@id":"https:\/\/silejapon-m-etaitconte.com\/#website"},"datePublished":"2023-06-04T11:49:25+00:00","dateModified":"2023-06-12T14:36:51+00:00","breadcrumb":{"@id":"https:\/\/silejapon-m-etaitconte.com\/index.php\/resultat-du-concours-de-dessin-manga-2023\/#breadcrumb"},"inLanguage":"fr-FR","potentialAction":[{"@type":"ReadAction","target":["https:\/\/silejapon-m-etaitconte.com\/index.php\/resultat-du-concours-de-dessin-manga-2023\/"]}]},{"@type":"BreadcrumbList","@id":"https:\/\/silejapon-m-etaitconte.com\/index.php\/resultat-du-concours-de-dessin-manga-2023\/#breadcrumb","itemListElement":[{"@type":"ListItem","position":1,"name":"Accueil","item":"https:\/\/silejapon-m-etaitconte.com\/"},{"@type":"ListItem","position":2,"name":"R\u00e9sultat du concours de dessin manga 2023"}]},{"@type":"WebSite","@id":"https:\/\/silejapon-m-etaitconte.com\/#website","url":"https:\/\/silejapon-m-etaitconte.com\/","name":"Si le Japon m'\u00e9tait cont\u00e9","description":"Une passerelle entre la France et le Japon","publisher":{"@id":"https:\/\/silejapon-m-etaitconte.com\/#organization"},"potentialAction":[{"@type":"SearchAction","target":{"@type":"EntryPoint","urlTemplate":"https:\/\/silejapon-m-etaitconte.com\/?s={search_term_string}"},"query-input":"required name=search_term_string"}],"inLanguage":"fr-FR"},{"@type":"Organization","@id":"https:\/\/silejapon-m-etaitconte.com\/#organization","name":"Si le Japon m'\u00e9tait cont\u00e9","url":"https:\/\/silejapon-m-etaitconte.com\/","logo":{"@type":"ImageObject","inLanguage":"fr-FR","@id":"https:\/\/silejapon-m-etaitconte.com\/#\/schema\/logo\/image\/","url":"https:\/\/silejapon-m-etaitconte.com\/wp-content\/uploads\/2022\/02\/logo_long.jpg","contentUrl":"https:\/\/silejapon-m-etaitconte.com\/wp-content\/uploads\/2022\/02\/logo_long.jpg","width":2444,"height":390,"caption":"Si le Japon m'\u00e9tait cont\u00e9"},"image":{"@id":"https:\/\/silejapon-m-etaitconte.com\/#\/schema\/logo\/image\/"},"sameAs":["https:\/\/www.facebook.com\/people\/Si-le-Japon-mtait-cont\/100081623407869\/"]}]}},"_links":{"self":[{"href":"https:\/\/silejapon-m-etaitconte.com\/index.php\/wp-json\/wp\/v2\/pages\/1375","targetHints":{"allow":["GET"]}}],"collection":[{"href":"https:\/\/silejapon-m-etaitconte.com\/index.php\/wp-json\/wp\/v2\/pages"}],"about":[{"href":"https:\/\/silejapon-m-etaitconte.com\/index.php\/wp-json\/wp\/v2\/types\/page"}],"author":[{"embeddable":true,"href":"https:\/\/silejapon-m-etaitconte.com\/index.php\/wp-json\/wp\/v2\/users\/1"}],"replies":[{"embeddable":true,"href":"https:\/\/silejapon-m-etaitconte.com\/index.php\/wp-json\/wp\/v2\/comments?post=1375"}],"version-history":[{"count":20,"href":"https:\/\/silejapon-m-etaitconte.com\/index.php\/wp-json\/wp\/v2\/pages\/1375\/revisions"}],"predecessor-version":[{"id":1529,"href":"https:\/\/silejapon-m-etaitconte.com\/index.php\/wp-json\/wp\/v2\/pages\/1375\/revisions\/1529"}],"wp:attachment":[{"href":"https:\/\/silejapon-m-etaitconte.com\/index.php\/wp-json\/wp\/v2\/media?parent=1375"}],"curies":[{"name":"wp","href":"https:\/\/api.w.org\/{rel}","templated":true}]}}